{"id":9,"date":"2020-08-24T08:33:12","date_gmt":"2020-08-24T11:33:12","guid":{"rendered":"https:\/\/www.vivaseguro.com.br\/site\/?page_id=9"},"modified":"2020-08-31T15:27:03","modified_gmt":"2020-08-31T18:27:03","slug":"quem-somos","status":"publish","type":"page","link":"https:\/\/www.vivaseguro.com.br\/site\/quem-somos\/","title":{"rendered":"Quem Somos"},"content":{"rendered":"<p>[et_pb_section fb_built=&#8221;1&#8243; admin_label=&#8221;section&#8221; _builder_version=&#8221;4.5.7&#8243; background_color=&#8221;#333333&#8243; use_background_color_gradient=&#8221;on&#8221; background_color_gradient_start=&#8221;#333333&#8243; background_color_gradient_end=&#8221;#222222&#8243; background_color_gradient_direction=&#8221;325deg&#8221; locked=&#8221;off&#8221;][et_pb_row admin_label=&#8221;row&#8221; _builder_version=&#8221;4.5.7&#8243; background_size=&#8221;initial&#8221; background_position=&#8221;top_left&#8221; background_repeat=&#8221;repeat&#8221;][et_pb_column type=&#8221;4_4&#8243; _builder_version=&#8221;4.5.7&#8243; custom_padding=&#8221;|||&#8221; custom_padding__hover=&#8221;|||&#8221;][et_pb_text _builder_version=&#8221;4.5.7&#8243; _dynamic_attributes=&#8221;content&#8221; _module_preset=&#8221;default&#8221; text_font=&#8221;|700|||||||&#8221; text_text_color=&#8221;#ffffff&#8221; text_font_size=&#8221;30px&#8221;]@ET-DC@eyJkeW5hbWljIjp0cnVlLCJjb250ZW50IjoicG9zdF90aXRsZSIsInNldHRpbmdzIjp7ImJlZm9yZSI6IiIsImFmdGVyIjoiIn19@[\/et_pb_text][\/et_pb_column][\/et_pb_row][\/et_pb_section][et_pb_section fb_built=&#8221;1&#8243; admin_label=&#8221;About Us&#8221; _builder_version=&#8221;3.22&#8243; custom_padding=&#8221;2px|||||&#8221;][et_pb_row _builder_version=&#8221;3.25&#8243; custom_margin=&#8221;|||&#8221; custom_padding=&#8221;27px|0px|27px|0px|false|false&#8221;][et_pb_column type=&#8221;4_4&#8243; _builder_version=&#8221;3.25&#8243; custom_padding=&#8221;|||&#8221; custom_padding__hover=&#8221;|||&#8221;][et_pb_text _builder_version=&#8221;4.5.7&#8243; text_font=&#8221;Montserrat||||||||&#8221; text_text_color=&#8221;#333333&#8243; text_font_size=&#8221;16px&#8221; text_line_height=&#8221;2em&#8221; header_font=&#8221;||||||||&#8221; header_2_font=&#8221;||||||||&#8221; header_3_font=&#8221;||||||||&#8221; header_3_font_size=&#8221;24px&#8221; header_3_line_height=&#8221;1.4em&#8221; header_2_font_size_tablet=&#8221;30px&#8221; header_2_font_size_phone=&#8221;24px&#8221; header_2_font_size_last_edited=&#8221;off|desktop&#8221; header_3_font_size_tablet=&#8221;30px&#8221; header_3_font_size_phone=&#8221;24px&#8221; header_3_font_size_last_edited=&#8221;off|desktop&#8221; locked=&#8221;off&#8221;]<\/p>\n<h3>Nossa hist\u00f3ria<\/h3>\n<p>A fim de atender de forma moderna e competitiva \u00e0s necessidades do mercado em processo de constante mudan\u00e7a e crescimento, o Administrador e Corretor de Seguros Guilherme Oscar Ody Filho, estabeleceu a empresa jur\u00eddica VIVASEGURO Corretora, juntamente com a Corretora de Seguros, Ligia Maria Kroeff Ody.<\/p>\n<p>Em 2014, para agregar com seu trabalho e conhecimento t\u00e9cnico entrou para equipe a Corretora de seguros Marisa de Lima Hommerding, como s\u00f3cia na empresa.<\/p>\n<p>Atuando no mercado de seguros desde 1990, a VIVASEGURO Corretora possui um time de funcion\u00e1rios treinados para servir ao seu amplo universo de segurados. Trabalhamos com as melhores Seguradoras nacionais e internacionais.<\/p>\n<p>Optamos por atendimento personalizado, nas consultas por cota\u00e7\u00f5es, contrata\u00e7\u00f5es de seguros, renova\u00e7\u00f5es e no atendimento a sinistros. Temos alcan\u00e7ado, continuado crescimento no mercado, por isso, temos \u00f3timo conceito junto as Seguradoras parceiras.<\/p>\n<p>A VIVASEGURO Corretora acredita na miss\u00e3o social e do equil\u00edbrio econ\u00f4mico que a venda de seguros proporciona ao pa\u00eds.<\/p>\n<p>N\u00f3s damos garantia dos nossos servi\u00e7os, do nosso profissionalismo e transpar\u00eancia; do que resultam, relacionamentos de profundo respeito amizade e com nossos clientes segurados.<\/p>\n<p>Trabalhamos para que Voc\u00ea, sua Empresa, tenha melhor qualidade de vida sem preju\u00edzos; trabalhamos para divulgar a cultura do seguro; TRABALHAMOS A FIM DE PROMOVER CONFORTO E TRANQUILIDADE, ATRAV\u00c9S DOS PRODUTOS, GARANTIAS E SERVI\u00c7OS QUE O SEGURO BEM ELABORADO OFERECE AOS SEUS USU\u00c1RIOS.<\/p>\n<p>[\/et_pb_text][\/et_pb_column][\/et_pb_row][\/et_pb_section][et_pb_section fb_built=&#8221;1&#8243; admin_label=&#8221;Stats and Features&#8221; _builder_version=&#8221;3.22&#8243; background_color=&#8221;#f7f8fc&#8221; custom_padding=&#8221;80px|0px|54px|0px|false|false&#8221;][et_pb_row column_structure=&#8221;1_4,1_4,1_4,1_4&#8243; use_custom_gutter=&#8221;on&#8221; gutter_width=&#8221;1&#8243; padding_top_bottom_link_1=&#8221;false&#8221; _builder_version=&#8221;4.5.7&#8243; background_color=&#8221;#003bde&#8221; use_background_color_gradient=&#8221;on&#8221; background_color_gradient_start=&#8221;#a30404&#8243; background_color_gradient_end=&#8221;#de1622&#8243; background_color_gradient_direction=&#8221;160deg&#8221; custom_padding=&#8221;0px||0px||true&#8221; box_shadow_style=&#8221;preset1&#8243; box_shadow_vertical=&#8221;40px&#8221; box_shadow_blur=&#8221;80px&#8221; box_shadow_color=&#8221;#EFEFEF&#8221;][et_pb_column type=&#8221;1_4&#8243; _builder_version=&#8221;3.25&#8243; custom_padding=&#8221;|||&#8221; custom_padding__hover=&#8221;|||&#8221;][et_pb_number_counter title=&#8221;Anos de experi\u00eancia&#8221; number=&#8221;30&#8243; percent_sign=&#8221;off&#8221; _builder_version=&#8221;4.5.7&#8243; title_font=&#8221;Montserrat|||on|||||&#8221; title_font_size=&#8221;13px&#8221; title_letter_spacing=&#8221;0.5px&#8221; title_line_height=&#8221;1.4em&#8221; number_font=&#8221;Montserrat||||||||&#8221; number_text_color=&#8221;#ffffff&#8221; number_font_size=&#8221;40px&#8221; background_layout=&#8221;dark&#8221; custom_padding=&#8221;50px|20px|50px|20px|true|true&#8221; border_width_all=&#8221;1px&#8221; border_color_all=&#8221;rgba(255,255,255,0.2)&#8221; border_width_top=&#8221;0px&#8221; border_width_bottom=&#8221;0px&#8221; locked=&#8221;off&#8221;][\/et_pb_number_counter][\/et_pb_column][et_pb_column type=&#8221;1_4&#8243; _builder_version=&#8221;3.25&#8243; custom_padding=&#8221;|||&#8221; custom_padding__hover=&#8221;|||&#8221;][et_pb_number_counter title=&#8221;Segurados atendidos&#8221; number=&#8221;11.000&#8243; percent_sign=&#8221;off&#8221; _builder_version=&#8221;4.5.7&#8243; title_font=&#8221;Montserrat|||on|||||&#8221; title_font_size=&#8221;13px&#8221; title_letter_spacing=&#8221;0.5px&#8221; title_line_height=&#8221;1.4em&#8221; number_font=&#8221;Montserrat||||||||&#8221; number_text_color=&#8221;#ffffff&#8221; number_font_size=&#8221;40px&#8221; background_layout=&#8221;dark&#8221; custom_padding=&#8221;50px|20px|50px|20px|true|true&#8221; border_width_all=&#8221;1px&#8221; border_color_all=&#8221;rgba(255,255,255,0.2)&#8221; border_width_top=&#8221;0px&#8221; border_width_bottom=&#8221;0px&#8221; locked=&#8221;off&#8221;][\/et_pb_number_counter][\/et_pb_column][et_pb_column type=&#8221;1_4&#8243; _builder_version=&#8221;3.25&#8243; custom_padding=&#8221;|||&#8221; custom_padding__hover=&#8221;|||&#8221;][et_pb_number_counter title=&#8221;Produtos no portf\u00f3lio&#8221; number=&#8221;12&#8243; percent_sign=&#8221;off&#8221; _builder_version=&#8221;4.5.7&#8243; title_font=&#8221;Montserrat|||on|||||&#8221; title_font_size=&#8221;13px&#8221; title_letter_spacing=&#8221;0.5px&#8221; title_line_height=&#8221;1.4em&#8221; number_font=&#8221;Montserrat||||||||&#8221; number_text_color=&#8221;#ffffff&#8221; number_font_size=&#8221;40px&#8221; background_layout=&#8221;dark&#8221; custom_padding=&#8221;50px|20px|50px|20px|true|true&#8221; border_width_all=&#8221;1px&#8221; border_color_all=&#8221;rgba(255,255,255,0.2)&#8221; border_width_top=&#8221;0px&#8221; border_width_bottom=&#8221;0px&#8221; locked=&#8221;off&#8221;][\/et_pb_number_counter][\/et_pb_column][et_pb_column type=&#8221;1_4&#8243; _builder_version=&#8221;3.25&#8243; custom_padding=&#8221;|||&#8221; custom_padding__hover=&#8221;|||&#8221;][et_pb_cta title=&#8221;Atendimento &#8221; button_url=&#8221;@ET-DC@eyJkeW5hbWljIjp0cnVlLCJjb250ZW50IjoicG9zdF9saW5rX3VybF9wYWdlIiwic2V0dGluZ3MiOnsicG9zdF9pZCI6IjE1In19@&#8221; button_text=&#8221;Entre em contato&#8221; _builder_version=&#8221;4.5.7&#8243; _dynamic_attributes=&#8221;button_url&#8221; header_font=&#8221;||||||||&#8221; header_text_color=&#8221;#a30404&#8243; header_font_size=&#8221;30px&#8221; header_line_height=&#8221;1.4em&#8221; body_font=&#8221;Montserrat|300|||||||&#8221; body_font_size=&#8221;16px&#8221; body_line_height=&#8221;1.8em&#8221; background_color=&#8221;#003bde&#8221; use_background_color_gradient=&#8221;on&#8221; background_color_gradient_start=&#8221;#ffffff&#8221; background_color_gradient_end=&#8221;#fcfcfc&#8221; background_color_gradient_direction=&#8221;160deg&#8221; custom_button=&#8221;on&#8221; button_text_size=&#8221;14px&#8221; button_text_color=&#8221;#ffffff&#8221; button_bg_color=&#8221;#a30404&#8243; button_border_width=&#8221;10px&#8221; button_border_color=&#8221;rgba(0,0,0,0)&#8221; button_border_radius=&#8221;4px&#8221; button_letter_spacing=&#8221;1px&#8221; button_font=&#8221;Montserrat|||on|||||&#8221; background_layout=&#8221;light&#8221; custom_margin=&#8221;-16px|-16px|-16px|-16px|true|true&#8221; custom_padding=&#8221;40px|16px|40px|16px|true|true&#8221; animation_style=&#8221;zoom&#8221; animation_intensity_zoom=&#8221;-5%&#8221; animation_speed_curve=&#8221;ease-in&#8221; header_font_size_tablet=&#8221;30px&#8221; header_font_size_phone=&#8221;24px&#8221; header_font_size_last_edited=&#8221;on|desktop&#8221; border_radii=&#8221;on|10px|10px|10px|10px&#8221; box_shadow_style=&#8221;preset3&#8243; box_shadow_vertical=&#8221;0px&#8221; box_shadow_blur=&#8221;140px&#8221; box_shadow_spread=&#8221;-20px&#8221; box_shadow_color=&#8221;#EFEFEF&#8221; button_border_radius_hover=&#8221;4px&#8221; button_letter_spacing_hover=&#8221;1px&#8221; button_bg_color_hover=&#8221;#0053ef&#8221; locked=&#8221;off&#8221; button_text_size__hover_enabled=&#8221;off&#8221; button_one_text_size__hover_enabled=&#8221;off&#8221; button_two_text_size__hover_enabled=&#8221;off&#8221; button_text_color__hover_enabled=&#8221;off&#8221; button_one_text_color__hover_enabled=&#8221;off&#8221; button_two_text_color__hover_enabled=&#8221;off&#8221; button_border_width__hover_enabled=&#8221;off&#8221; button_one_border_width__hover_enabled=&#8221;off&#8221; button_two_border_width__hover_enabled=&#8221;off&#8221; button_border_color__hover_enabled=&#8221;off&#8221; button_one_border_color__hover_enabled=&#8221;off&#8221; button_two_border_color__hover_enabled=&#8221;off&#8221; button_border_radius__hover_enabled=&#8221;on&#8221; button_border_radius__hover=&#8221;4px&#8221; button_one_border_radius__hover_enabled=&#8221;off&#8221; button_two_border_radius__hover_enabled=&#8221;off&#8221; button_letter_spacing__hover_enabled=&#8221;on&#8221; button_letter_spacing__hover=&#8221;1px&#8221; button_one_letter_spacing__hover_enabled=&#8221;off&#8221; button_two_letter_spacing__hover_enabled=&#8221;off&#8221; button_bg_color__hover_enabled=&#8221;on&#8221; button_bg_color__hover=&#8221;#0053ef&#8221; button_one_bg_color__hover_enabled=&#8221;off&#8221; button_two_bg_color__hover_enabled=&#8221;off&#8221;]<\/p>\n<p>Entre em contato com nossa equipe. Temos o produto certo para voc\u00ea e sua empresa.<\/p>\n<p>[\/et_pb_cta][\/et_pb_column][\/et_pb_row][et_pb_row _builder_version=&#8221;4.5.7&#8243; custom_margin=&#8221;35px||||false|false&#8221;][et_pb_column type=&#8221;4_4&#8243; _builder_version=&#8221;3.25&#8243; custom_padding=&#8221;|||&#8221; custom_padding__hover=&#8221;|||&#8221;][et_pb_divider color=&#8221;#a30404&#8243; divider_weight=&#8221;3px&#8221; _builder_version=&#8221;4.5.7&#8243; max_width=&#8221;100px&#8221; module_alignment=&#8221;center&#8221; custom_margin=&#8221;||0px|&#8221; locked=&#8221;off&#8221;][\/et_pb_divider][et_pb_text _builder_version=&#8221;4.5.7&#8243; text_font=&#8221;Montserrat||||||||&#8221; text_font_size=&#8221;16px&#8221; text_line_height=&#8221;2em&#8221; header_font=&#8221;||||||||&#8221; header_2_font=&#8221;||||||||&#8221; header_2_font_size=&#8221;36px&#8221; header_2_line_height=&#8221;1.4em&#8221; text_orientation=&#8221;center&#8221; max_width=&#8221;700px&#8221; module_alignment=&#8221;center&#8221; custom_margin=&#8221;|||&#8221; custom_margin_last_edited=&#8221;off|desktop&#8221; hover_enabled=&#8221;0&#8243; header_2_font_size_tablet=&#8221;30px&#8221; header_2_font_size_phone=&#8221;24px&#8221; header_2_font_size_last_edited=&#8221;on|phone&#8221; locked=&#8221;off&#8221;]<\/p>\n<h2>O que oferecemos<\/h2>\n<p><span style=\"font-size: 16px;\">Larga experi\u00eancia em todos os ramos de Seguros, com s\u00f3lidas parcerias no mercado para oferecer a melhor solu\u00e7\u00e3o em seguros, aquela que se adequa perfeitamente as suas necessidades e te traz o m\u00e1ximo de economia <\/span><\/p>\n<p>[\/et_pb_text][\/et_pb_column][\/et_pb_row][et_pb_row column_structure=&#8221;1_2,1_2&#8243; _builder_version=&#8221;3.25&#8243;][et_pb_column type=&#8221;1_2&#8243; _builder_version=&#8221;3.25&#8243; custom_padding=&#8221;|||&#8221; custom_padding__hover=&#8221;|||&#8221;][et_pb_blurb title=&#8221;Equipe especializada&#8221; image=&#8221;https:\/\/www.vivaseguro.com.br\/site\/wp-content\/uploads\/2020\/08\/Icones-1.png&#8221; content_max_width=&#8221;1100px&#8221; _builder_version=&#8221;4.5.7&#8243; _module_preset=&#8221;default&#8221; header_font=&#8221;||||||||&#8221; header_text_align=&#8221;center&#8221; header_line_height=&#8221;1.6em&#8221; body_font=&#8221;Montserrat||||||||&#8221; body_line_height=&#8221;1.8em&#8221; text_orientation=&#8221;center&#8221; animation_style=&#8221;zoom&#8221; animation_intensity_zoom=&#8221;10%&#8221; animation=&#8221;off&#8221; hover_enabled=&#8221;0&#8243; border_radii=&#8221;on|10px|10px|10px|10px&#8221;]<\/p>\n<p>Nossa equipe se mant\u00e9m em constante atualiza\u00e7\u00e3o e treinamento, preparada para atender com total conhecimento em nossas \u00e1reas de atua\u00e7\u00e3o, seja na comercializa\u00e7\u00e3o do seguro ou no momento do sinistro.<\/p>\n<p>[\/et_pb_blurb][\/et_pb_column][et_pb_column type=&#8221;1_2&#8243; _builder_version=&#8221;3.25&#8243; custom_padding=&#8221;|||&#8221; custom_padding__hover=&#8221;|||&#8221;][et_pb_blurb title=&#8221;Atendimento proativo&#8221; image=&#8221;https:\/\/www.vivaseguro.com.br\/site\/wp-content\/uploads\/2020\/08\/Icones-1.png&#8221; content_max_width=&#8221;1100px&#8221; _builder_version=&#8221;4.5.7&#8243; _module_preset=&#8221;default&#8221; header_font=&#8221;||||||||&#8221; header_text_align=&#8221;center&#8221; header_line_height=&#8221;1.6em&#8221; body_font=&#8221;Montserrat||||||||&#8221; body_line_height=&#8221;1.8em&#8221; text_orientation=&#8221;center&#8221; animation_style=&#8221;zoom&#8221; animation_intensity_zoom=&#8221;10%&#8221; animation=&#8221;off&#8221; hover_enabled=&#8221;0&#8243; border_radii=&#8221;on|10px|10px|10px|10px&#8221;]<\/p>\n<p>Durante toda a vig\u00eancia de seu seguro, voc\u00ea poder\u00e1 contar com uma equipe altamente capacitada para esclarecer todas as suas d\u00favidas.<\/p>\n<p>[\/et_pb_blurb][\/et_pb_column][\/et_pb_row][et_pb_row column_structure=&#8221;1_2,1_2&#8243; _builder_version=&#8221;3.25&#8243;][et_pb_column type=&#8221;1_2&#8243; _builder_version=&#8221;3.25&#8243; custom_padding=&#8221;|||&#8221; custom_padding__hover=&#8221;|||&#8221;][et_pb_blurb title=&#8221;Experi\u00eancia&#8221; image=&#8221;https:\/\/www.vivaseguro.com.br\/site\/wp-content\/uploads\/2020\/08\/Icones-2.png&#8221; content_max_width=&#8221;1100px&#8221; _builder_version=&#8221;4.5.7&#8243; _module_preset=&#8221;default&#8221; header_font=&#8221;||||||||&#8221; header_text_align=&#8221;center&#8221; header_line_height=&#8221;1.6em&#8221; body_font=&#8221;Montserrat||||||||&#8221; body_line_height=&#8221;1.8em&#8221; text_orientation=&#8221;center&#8221; animation_style=&#8221;zoom&#8221; animation_intensity_zoom=&#8221;10%&#8221; animation=&#8221;off&#8221; hover_enabled=&#8221;0&#8243; border_radii=&#8221;on|10px|10px|10px|10px&#8221;]<\/p>\n<p>Com mais de 30 anos de experi\u00eancia no mercado de seguros, nossa equipe est\u00e1 pronta para orientar voc\u00ea na melhor solu\u00e7\u00e3o que ir\u00e1 garantir sua prote\u00e7\u00e3o e seguran\u00e7a.<\/p>\n<p>[\/et_pb_blurb][\/et_pb_column][et_pb_column type=&#8221;1_2&#8243; _builder_version=&#8221;3.25&#8243; custom_padding=&#8221;|||&#8221; custom_padding__hover=&#8221;|||&#8221;][et_pb_blurb title=&#8221;Custo benef\u00edcio&#8221; image=&#8221;https:\/\/www.vivaseguro.com.br\/site\/wp-content\/uploads\/2020\/08\/Icones-4.png&#8221; content_max_width=&#8221;1100px&#8221; _builder_version=&#8221;4.5.7&#8243; _module_preset=&#8221;default&#8221; header_font=&#8221;||||||||&#8221; header_text_align=&#8221;center&#8221; header_line_height=&#8221;1.6em&#8221; body_font=&#8221;Montserrat||||||||&#8221; body_line_height=&#8221;1.8em&#8221; text_orientation=&#8221;center&#8221; animation_style=&#8221;zoom&#8221; animation_intensity_zoom=&#8221;10%&#8221; animation=&#8221;off&#8221; hover_enabled=&#8221;0&#8243; border_radii=&#8221;on|10px|10px|10px|10px&#8221;]<\/p>\n<p>Buscamos sempre o melhor custo benef\u00edcio entre as companhias e apresentamos as melhores op\u00e7\u00f5es, para que facilite na hora de voc\u00ea escolher o seguro que melhor se aplica \u00e0 sua necessidade.<\/p>\n<p>[\/et_pb_blurb][\/et_pb_column][\/et_pb_row][\/et_pb_section][et_pb_section fb_built=&#8221;1&#8243; admin_label=&#8221;Contact&#8221; _builder_version=&#8221;4.5.7&#8243; background_color=&#8221;#de1622&#8243; use_background_color_gradient=&#8221;on&#8221; background_color_gradient_start=&#8221;#a30404&#8243; background_color_gradient_end=&#8221;rgba(222,22,34,0)&#8221; background_color_gradient_end_position=&#8221;60%&#8221; background_color_gradient_overlays_image=&#8221;on&#8221; background_enable_image=&#8221;off&#8221; background_size=&#8221;initial&#8221; custom_padding=&#8221;54px|0px|120px|0px|false|false&#8221;][et_pb_row _builder_version=&#8221;3.25&#8243;][et_pb_column type=&#8221;4_4&#8243; _builder_version=&#8221;3.25&#8243; custom_padding=&#8221;|||&#8221; custom_padding__hover=&#8221;|||&#8221;][et_pb_text _builder_version=&#8221;3.27.4&#8243; text_font=&#8221;Montserrat|300|||||||&#8221; text_font_size=&#8221;16px&#8221; text_line_height=&#8221;2em&#8221; header_font=&#8221;||||||||&#8221; header_2_font=&#8221;||||||||&#8221; header_2_font_size=&#8221;36px&#8221; header_2_line_height=&#8221;1.4em&#8221; background_layout=&#8221;dark&#8221; header_2_font_size_tablet=&#8221;30px&#8221; header_2_font_size_phone=&#8221;24px&#8221; header_2_font_size_last_edited=&#8221;on|phone&#8221; locked=&#8221;off&#8221;]<\/p>\n<h2>Onde estamos<\/h2>\n<p>[\/et_pb_text][\/et_pb_column][\/et_pb_row][et_pb_row _builder_version=&#8221;4.5.7&#8243; background_color=&#8221;#ffffff&#8221; custom_margin=&#8221;20px||||false|false&#8221; custom_padding=&#8221;30px|2%|30px|2%|true|true&#8221; animation_style=&#8221;zoom&#8221; animation_intensity_zoom=&#8221;-5%&#8221; animation_speed_curve=&#8221;ease-in&#8221; border_radii=&#8221;on|10px|10px|10px|10px&#8221; box_shadow_style=&#8221;preset1&#8243; box_shadow_vertical=&#8221;40px&#8221; box_shadow_blur=&#8221;80px&#8221; box_shadow_color=&#8221;rgba(55,104,238,0.15)&#8221;][et_pb_column type=&#8221;4_4&#8243; _builder_version=&#8221;3.25&#8243; custom_padding=&#8221;|||&#8221; custom_padding__hover=&#8221;|||&#8221;][et_pb_code _builder_version=&#8221;4.5.7&#8243; _module_preset=&#8221;default&#8221; custom_margin=&#8221;0px||0px||true|false&#8221; custom_padding=&#8221;0px||0px||true|false&#8221;]<iframe src=\"https:\/\/www.google.com\/maps\/embed?pb=!1m14!1m8!1m3!1d13864.120399009093!2d-51.12027!3d-29.689907!3m2!1i1024!2i768!4f13.1!3m3!1m2!1s0x0%3A0x65c9f4c1b0871bfb!2sVivaseguro%20Corretora%20de%20Seguros!5e0!3m2!1spt-BR!2sbr!4v1592857014567!5m2!1spt-BR!2sbr\" style=\"width:100%; height:450px;\" frameborder=\"0\" allowfullscreen=\"\"><\/iframe>[\/et_pb_code][\/et_pb_column][\/et_pb_row][\/et_pb_section]<\/p>\n","protected":false},"excerpt":{"rendered":"<p>Nossa hist\u00f3ria A fim de atender de forma moderna e competitiva \u00e0s necessidades do mercado em processo de constante mudan\u00e7a e crescimento, o Administrador e Corretor de Seguros Guilherme Oscar Ody Filho, estabeleceu a empresa jur\u00eddica VIVASEGURO Corretora, juntamente com a Corretora de Seguros, Ligia Maria Kroeff Ody. Em 2014, para agregar com seu trabalho [&hellip;]<\/p>\n","protected":false},"author":1,"featured_media":0,"parent":0,"menu_order":0,"comment_status":"closed","ping_status":"closed","template":"","meta":{"_et_pb_use_builder":"on","_et_pb_old_content":"","_et_gb_content_width":"","footnotes":""},"yoast_head":"<!-- This site is optimized with the Yoast SEO plugin v22.9 - https:\/\/yoast.com\/wordpress\/plugins\/seo\/ -->\n<title>Quem Somos - Vivaseguro<\/title>\n<meta name=\"robots\" content=\"index, follow, max-snippet:-1, max-image-preview:large, max-video-preview:-1\" \/>\n<link rel=\"canonical\" href=\"https:\/\/www.vivaseguro.com.br\/site\/quem-somos\/\" \/>\n<meta property=\"og:locale\" content=\"pt_BR\" \/>\n<meta property=\"og:type\" content=\"article\" \/>\n<meta property=\"og:title\" content=\"Quem Somos - Vivaseguro\" \/>\n<meta property=\"og:description\" content=\"Nossa hist\u00f3ria A fim de atender de forma moderna e competitiva \u00e0s necessidades do mercado em processo de constante mudan\u00e7a e crescimento, o Administrador e Corretor de Seguros Guilherme Oscar Ody Filho, estabeleceu a empresa jur\u00eddica VIVASEGURO Corretora, juntamente com a Corretora de Seguros, Ligia Maria Kroeff Ody. Em 2014, para agregar com seu trabalho [&hellip;]\" \/>\n<meta property=\"og:url\" content=\"https:\/\/www.vivaseguro.com.br\/site\/quem-somos\/\" \/>\n<meta property=\"og:site_name\" content=\"Vivaseguro\" \/>\n<meta property=\"article:modified_time\" content=\"2020-08-31T18:27:03+00:00\" \/>\n<meta name=\"twitter:card\" content=\"summary_large_image\" \/>\n<meta name=\"twitter:label1\" content=\"Est. tempo de leitura\" \/>\n\t<meta name=\"twitter:data1\" content=\"10 minutos\" \/>\n<script type=\"application\/ld+json\" class=\"yoast-schema-graph\">{\"@context\":\"https:\/\/schema.org\",\"@graph\":[{\"@type\":\"WebPage\",\"@id\":\"https:\/\/www.vivaseguro.com.br\/site\/quem-somos\/\",\"url\":\"https:\/\/www.vivaseguro.com.br\/site\/quem-somos\/\",\"name\":\"Quem Somos - Vivaseguro\",\"isPartOf\":{\"@id\":\"https:\/\/www.vivaseguro.com.br\/site\/#website\"},\"datePublished\":\"2020-08-24T11:33:12+00:00\",\"dateModified\":\"2020-08-31T18:27:03+00:00\",\"breadcrumb\":{\"@id\":\"https:\/\/www.vivaseguro.com.br\/site\/quem-somos\/#breadcrumb\"},\"inLanguage\":\"pt-BR\",\"potentialAction\":[{\"@type\":\"ReadAction\",\"target\":[\"https:\/\/www.vivaseguro.com.br\/site\/quem-somos\/\"]}]},{\"@type\":\"BreadcrumbList\",\"@id\":\"https:\/\/www.vivaseguro.com.br\/site\/quem-somos\/#breadcrumb\",\"itemListElement\":[{\"@type\":\"ListItem\",\"position\":1,\"name\":\"In\u00edcio\",\"item\":\"https:\/\/www.vivaseguro.com.br\/site\/\"},{\"@type\":\"ListItem\",\"position\":2,\"name\":\"Quem Somos\"}]},{\"@type\":\"WebSite\",\"@id\":\"https:\/\/www.vivaseguro.com.br\/site\/#website\",\"url\":\"https:\/\/www.vivaseguro.com.br\/site\/\",\"name\":\"Vivaseguro\",\"description\":\"Pretendemos facilitar a comunica\u00e7\u00e3o tornando mais r\u00e1pida e eficientes a nossa troca de informa\u00e7\u00f5es. Sinta-se a vontade, navegue por nosso site, descubra o que mais a Vivaseguro Corretora de Seguros gostaria de oferecer para Voc\u00ea e para sua Empresa. Ou se preferir nos d\u00ea a honra da sua visita em nosso escrit\u00f3rio.\",\"potentialAction\":[{\"@type\":\"SearchAction\",\"target\":{\"@type\":\"EntryPoint\",\"urlTemplate\":\"https:\/\/www.vivaseguro.com.br\/site\/?s={search_term_string}\"},\"query-input\":\"required name=search_term_string\"}],\"inLanguage\":\"pt-BR\"}]}<\/script>\n<!-- \/ Yoast SEO plugin. -->","yoast_head_json":{"title":"Quem Somos - Vivaseguro","robots":{"index":"index","follow":"follow","max-snippet":"max-snippet:-1","max-image-preview":"max-image-preview:large","max-video-preview":"max-video-preview:-1"},"canonical":"https:\/\/www.vivaseguro.com.br\/site\/quem-somos\/","og_locale":"pt_BR","og_type":"article","og_title":"Quem Somos - Vivaseguro","og_description":"Nossa hist\u00f3ria A fim de atender de forma moderna e competitiva \u00e0s necessidades do mercado em processo de constante mudan\u00e7a e crescimento, o Administrador e Corretor de Seguros Guilherme Oscar Ody Filho, estabeleceu a empresa jur\u00eddica VIVASEGURO Corretora, juntamente com a Corretora de Seguros, Ligia Maria Kroeff Ody. Em 2014, para agregar com seu trabalho [&hellip;]","og_url":"https:\/\/www.vivaseguro.com.br\/site\/quem-somos\/","og_site_name":"Vivaseguro","article_modified_time":"2020-08-31T18:27:03+00:00","twitter_card":"summary_large_image","twitter_misc":{"Est. tempo de leitura":"10 minutos"},"schema":{"@context":"https:\/\/schema.org","@graph":[{"@type":"WebPage","@id":"https:\/\/www.vivaseguro.com.br\/site\/quem-somos\/","url":"https:\/\/www.vivaseguro.com.br\/site\/quem-somos\/","name":"Quem Somos - Vivaseguro","isPartOf":{"@id":"https:\/\/www.vivaseguro.com.br\/site\/#website"},"datePublished":"2020-08-24T11:33:12+00:00","dateModified":"2020-08-31T18:27:03+00:00","breadcrumb":{"@id":"https:\/\/www.vivaseguro.com.br\/site\/quem-somos\/#breadcrumb"},"inLanguage":"pt-BR","potentialAction":[{"@type":"ReadAction","target":["https:\/\/www.vivaseguro.com.br\/site\/quem-somos\/"]}]},{"@type":"BreadcrumbList","@id":"https:\/\/www.vivaseguro.com.br\/site\/quem-somos\/#breadcrumb","itemListElement":[{"@type":"ListItem","position":1,"name":"In\u00edcio","item":"https:\/\/www.vivaseguro.com.br\/site\/"},{"@type":"ListItem","position":2,"name":"Quem Somos"}]},{"@type":"WebSite","@id":"https:\/\/www.vivaseguro.com.br\/site\/#website","url":"https:\/\/www.vivaseguro.com.br\/site\/","name":"Vivaseguro","description":"Pretendemos facilitar a comunica\u00e7\u00e3o tornando mais r\u00e1pida e eficientes a nossa troca de informa\u00e7\u00f5es. Sinta-se a vontade, navegue por nosso site, descubra o que mais a Vivaseguro Corretora de Seguros gostaria de oferecer para Voc\u00ea e para sua Empresa. Ou se preferir nos d\u00ea a honra da sua visita em nosso escrit\u00f3rio.","potentialAction":[{"@type":"SearchAction","target":{"@type":"EntryPoint","urlTemplate":"https:\/\/www.vivaseguro.com.br\/site\/?s={search_term_string}"},"query-input":"required name=search_term_string"}],"inLanguage":"pt-BR"}]}},"_links":{"self":[{"href":"https:\/\/www.vivaseguro.com.br\/site\/wp-json\/wp\/v2\/pages\/9"}],"collection":[{"href":"https:\/\/www.vivaseguro.com.br\/site\/wp-json\/wp\/v2\/pages"}],"about":[{"href":"https:\/\/www.vivaseguro.com.br\/site\/wp-json\/wp\/v2\/types\/page"}],"author":[{"embeddable":true,"href":"https:\/\/www.vivaseguro.com.br\/site\/wp-json\/wp\/v2\/users\/1"}],"replies":[{"embeddable":true,"href":"https:\/\/www.vivaseguro.com.br\/site\/wp-json\/wp\/v2\/comments?post=9"}],"version-history":[{"count":11,"href":"https:\/\/www.vivaseguro.com.br\/site\/wp-json\/wp\/v2\/pages\/9\/revisions"}],"predecessor-version":[{"id":535,"href":"https:\/\/www.vivaseguro.com.br\/site\/wp-json\/wp\/v2\/pages\/9\/revisions\/535"}],"wp:attachment":[{"href":"https:\/\/www.vivaseguro.com.br\/site\/wp-json\/wp\/v2\/media?parent=9"}],"curies":[{"name":"wp","href":"https:\/\/api.w.org\/{rel}","templated":true}]}}