{"id":13,"date":"2020-08-24T08:33:29","date_gmt":"2020-08-24T11:33:29","guid":{"rendered":"https:\/\/www.vivaseguro.com.br\/site\/?page_id=13"},"modified":"2020-08-25T11:53:02","modified_gmt":"2020-08-25T14:53:02","slug":"seguradoras","status":"publish","type":"page","link":"https:\/\/www.vivaseguro.com.br\/site\/seguradoras\/","title":{"rendered":"Seguradoras"},"content":{"rendered":"<p>[et_pb_section fb_built=&#8221;1&#8243; admin_label=&#8221;section&#8221; _builder_version=&#8221;4.5.7&#8243; background_color=&#8221;#333333&#8243; use_background_color_gradient=&#8221;on&#8221; background_color_gradient_start=&#8221;#333333&#8243; background_color_gradient_end=&#8221;#222222&#8243; background_color_gradient_direction=&#8221;325deg&#8221;][et_pb_row admin_label=&#8221;row&#8221; _builder_version=&#8221;4.5.7&#8243; background_size=&#8221;initial&#8221; background_position=&#8221;top_left&#8221; background_repeat=&#8221;repeat&#8221;][et_pb_column type=&#8221;4_4&#8243; _builder_version=&#8221;4.5.7&#8243; custom_padding=&#8221;|||&#8221; custom_padding__hover=&#8221;|||&#8221;][et_pb_text _builder_version=&#8221;4.5.7&#8243; _dynamic_attributes=&#8221;content&#8221; _module_preset=&#8221;default&#8221; text_font=&#8221;|700|||||||&#8221; text_text_color=&#8221;#ffffff&#8221; text_font_size=&#8221;30px&#8221;]@ET-DC@eyJkeW5hbWljIjp0cnVlLCJjb250ZW50IjoicG9zdF90aXRsZSIsInNldHRpbmdzIjp7ImJlZm9yZSI6IiIsImFmdGVyIjoiIn19@[\/et_pb_text][\/et_pb_column][\/et_pb_row][\/et_pb_section][et_pb_section fb_built=&#8221;1&#8243; _builder_version=&#8221;4.5.7&#8243; _module_preset=&#8221;default&#8221; custom_padding=&#8221;35px|||||&#8221;][et_pb_row make_equal=&#8221;on&#8221; _builder_version=&#8221;4.5.7&#8243; module_alignment=&#8221;center&#8221; custom_margin=&#8221;|10%||&#8221; locked=&#8221;off&#8221;][et_pb_column type=&#8221;4_4&#8243; _builder_version=&#8221;3.25&#8243; custom_padding=&#8221;|||&#8221; custom_padding__hover=&#8221;|||&#8221;][et_pb_divider color=&#8221;#a30404&#8243; divider_weight=&#8221;3px&#8221; _builder_version=&#8221;4.5.7&#8243; max_width=&#8221;100px&#8221; custom_margin=&#8221;||0px|&#8221;][\/et_pb_divider][et_pb_text _builder_version=&#8221;4.5.7&#8243; text_font=&#8221;Montserrat|300|||||||&#8221; text_font_size=&#8221;16px&#8221; text_line_height=&#8221;2em&#8221; header_font=&#8221;||||||||&#8221; header_2_font=&#8221;||||||||&#8221; header_2_font_size=&#8221;36px&#8221; header_2_line_height=&#8221;1.4em&#8221; custom_padding=&#8221;1px|||||&#8221; header_2_font_size_tablet=&#8221;30px&#8221; header_2_font_size_phone=&#8221;24px&#8221; header_2_font_size_last_edited=&#8221;on|phone&#8221;]<\/p>\n<h2>Operamos com as maiores e mais conceituadas seguradoras do pa\u00eds.<\/h2>\n<p>[\/et_pb_text][\/et_pb_column][\/et_pb_row][et_pb_row column_structure=&#8221;1_4,1_4,1_4,1_4&#8243; _builder_version=&#8221;4.5.7&#8243; _module_preset=&#8221;default&#8221;][et_pb_column type=&#8221;1_4&#8243; _builder_version=&#8221;4.5.7&#8243; _module_preset=&#8221;default&#8221;][et_pb_image src=&#8221;https:\/\/www.vivaseguro.com.br\/site\/wp-content\/uploads\/2020\/08\/porto-seguro.jpg&#8221; title_text=&#8221;porto-seguro&#8221; _builder_version=&#8221;4.5.7&#8243; _module_preset=&#8221;default&#8221; hover_enabled=&#8221;0&#8243; width=&#8221;70%&#8221; module_alignment=&#8221;center&#8221;][\/et_pb_image][\/et_pb_column][et_pb_column type=&#8221;1_4&#8243; _builder_version=&#8221;4.5.7&#8243; _module_preset=&#8221;default&#8221;][et_pb_image src=&#8221;https:\/\/www.vivaseguro.com.br\/site\/wp-content\/uploads\/2020\/08\/itau-seguros.jpg&#8221; title_text=&#8221;porto-seguro&#8221; _builder_version=&#8221;4.5.7&#8243; _module_preset=&#8221;default&#8221; hover_enabled=&#8221;0&#8243; width=&#8221;70%&#8221; module_alignment=&#8221;center&#8221;][\/et_pb_image][\/et_pb_column][et_pb_column type=&#8221;1_4&#8243; _builder_version=&#8221;4.5.7&#8243; _module_preset=&#8221;default&#8221;][et_pb_image src=&#8221;https:\/\/www.vivaseguro.com.br\/site\/wp-content\/uploads\/2020\/08\/azul-seguros.jpg&#8221; title_text=&#8221;porto-seguro&#8221; _builder_version=&#8221;4.5.7&#8243; _module_preset=&#8221;default&#8221; hover_enabled=&#8221;0&#8243; width=&#8221;70%&#8221; module_alignment=&#8221;center&#8221;][\/et_pb_image][\/et_pb_column][et_pb_column type=&#8221;1_4&#8243; _builder_version=&#8221;4.5.7&#8243; _module_preset=&#8221;default&#8221;][et_pb_image src=&#8221;https:\/\/www.vivaseguro.com.br\/site\/wp-content\/uploads\/2020\/08\/liberty-seguros.jpg&#8221; title_text=&#8221;porto-seguro&#8221; _builder_version=&#8221;4.5.7&#8243; _module_preset=&#8221;default&#8221; hover_enabled=&#8221;0&#8243; width=&#8221;70%&#8221; module_alignment=&#8221;center&#8221;][\/et_pb_image][\/et_pb_column][\/et_pb_row][et_pb_row column_structure=&#8221;1_4,1_4,1_4,1_4&#8243; _builder_version=&#8221;4.5.7&#8243; _module_preset=&#8221;default&#8221;][et_pb_column type=&#8221;1_4&#8243; _builder_version=&#8221;4.5.7&#8243; _module_preset=&#8221;default&#8221;][et_pb_image src=&#8221;https:\/\/www.vivaseguro.com.br\/site\/wp-content\/uploads\/2020\/08\/hdi-seguros.jpg&#8221; title_text=&#8221;porto-seguro&#8221; _builder_version=&#8221;4.5.7&#8243; _module_preset=&#8221;default&#8221; hover_enabled=&#8221;0&#8243; width=&#8221;70%&#8221; module_alignment=&#8221;center&#8221;][\/et_pb_image][\/et_pb_column][et_pb_column type=&#8221;1_4&#8243; _builder_version=&#8221;4.5.7&#8243; _module_preset=&#8221;default&#8221;][et_pb_image src=&#8221;https:\/\/www.vivaseguro.com.br\/site\/wp-content\/uploads\/2020\/08\/sul-america-seguros.jpg&#8221; title_text=&#8221;porto-seguro&#8221; _builder_version=&#8221;4.5.7&#8243; _module_preset=&#8221;default&#8221; hover_enabled=&#8221;0&#8243; width=&#8221;70%&#8221; module_alignment=&#8221;center&#8221;][\/et_pb_image][\/et_pb_column][et_pb_column type=&#8221;1_4&#8243; _builder_version=&#8221;4.5.7&#8243; _module_preset=&#8221;default&#8221;][et_pb_image src=&#8221;https:\/\/www.vivaseguro.com.br\/site\/wp-content\/uploads\/2020\/08\/sompo.jpg&#8221; title_text=&#8221;porto-seguro&#8221; _builder_version=&#8221;4.5.7&#8243; _module_preset=&#8221;default&#8221; hover_enabled=&#8221;0&#8243; width=&#8221;70%&#8221; module_alignment=&#8221;center&#8221;][\/et_pb_image][\/et_pb_column][et_pb_column type=&#8221;1_4&#8243; _builder_version=&#8221;4.5.7&#8243; _module_preset=&#8221;default&#8221;][et_pb_image src=&#8221;https:\/\/www.vivaseguro.com.br\/site\/wp-content\/uploads\/2020\/08\/bradesco.jpg&#8221; title_text=&#8221;porto-seguro&#8221; _builder_version=&#8221;4.5.7&#8243; _module_preset=&#8221;default&#8221; hover_enabled=&#8221;0&#8243; width=&#8221;70%&#8221; module_alignment=&#8221;center&#8221;][\/et_pb_image][\/et_pb_column][\/et_pb_row][et_pb_row column_structure=&#8221;1_4,1_4,1_4,1_4&#8243; _builder_version=&#8221;4.5.7&#8243; _module_preset=&#8221;default&#8221;][et_pb_column type=&#8221;1_4&#8243; _builder_version=&#8221;4.5.7&#8243; _module_preset=&#8221;default&#8221;][et_pb_image src=&#8221;https:\/\/www.vivaseguro.com.br\/site\/wp-content\/uploads\/2020\/08\/mapfre.jpg&#8221; title_text=&#8221;porto-seguro&#8221; _builder_version=&#8221;4.5.7&#8243; _module_preset=&#8221;default&#8221; hover_enabled=&#8221;0&#8243; width=&#8221;70%&#8221; module_alignment=&#8221;center&#8221;][\/et_pb_image][\/et_pb_column][et_pb_column type=&#8221;1_4&#8243; _builder_version=&#8221;4.5.7&#8243; _module_preset=&#8221;default&#8221;][et_pb_image src=&#8221;https:\/\/www.vivaseguro.com.br\/site\/wp-content\/uploads\/2020\/08\/metlife.jpg&#8221; title_text=&#8221;porto-seguro&#8221; _builder_version=&#8221;4.5.7&#8243; _module_preset=&#8221;default&#8221; hover_enabled=&#8221;0&#8243; width=&#8221;70%&#8221; module_alignment=&#8221;center&#8221;][\/et_pb_image][\/et_pb_column][et_pb_column type=&#8221;1_4&#8243; _builder_version=&#8221;4.5.7&#8243; _module_preset=&#8221;default&#8221;][et_pb_image src=&#8221;https:\/\/www.vivaseguro.com.br\/site\/wp-content\/uploads\/2020\/08\/aig.jpg&#8221; title_text=&#8221;porto-seguro&#8221; _builder_version=&#8221;4.5.7&#8243; _module_preset=&#8221;default&#8221; hover_enabled=&#8221;0&#8243; width=&#8221;70%&#8221; module_alignment=&#8221;center&#8221;][\/et_pb_image][\/et_pb_column][et_pb_column type=&#8221;1_4&#8243; _builder_version=&#8221;4.5.7&#8243; _module_preset=&#8221;default&#8221;][et_pb_image src=&#8221;https:\/\/www.vivaseguro.com.br\/site\/wp-content\/uploads\/2020\/08\/mag.jpg&#8221; title_text=&#8221;porto-seguro&#8221; _builder_version=&#8221;4.5.7&#8243; _module_preset=&#8221;default&#8221; hover_enabled=&#8221;0&#8243; width=&#8221;70%&#8221; module_alignment=&#8221;center&#8221;][\/et_pb_image][\/et_pb_column][\/et_pb_row][et_pb_row column_structure=&#8221;1_4,1_4,1_4,1_4&#8243; _builder_version=&#8221;4.5.7&#8243; _module_preset=&#8221;default&#8221;][et_pb_column type=&#8221;1_4&#8243; _builder_version=&#8221;4.5.7&#8243; _module_preset=&#8221;default&#8221;][et_pb_image src=&#8221;https:\/\/www.vivaseguro.com.br\/site\/wp-content\/uploads\/2020\/08\/tokio.jpg&#8221; title_text=&#8221;porto-seguro&#8221; _builder_version=&#8221;4.5.7&#8243; _module_preset=&#8221;default&#8221; hover_enabled=&#8221;0&#8243; width=&#8221;70%&#8221; module_alignment=&#8221;center&#8221;][\/et_pb_image][\/et_pb_column][et_pb_column type=&#8221;1_4&#8243; _builder_version=&#8221;4.5.7&#8243; _module_preset=&#8221;default&#8221;][et_pb_image src=&#8221;https:\/\/www.vivaseguro.com.br\/site\/wp-content\/uploads\/2020\/08\/zurich.jpg&#8221; title_text=&#8221;porto-seguro&#8221; _builder_version=&#8221;4.5.7&#8243; _module_preset=&#8221;default&#8221; hover_enabled=&#8221;0&#8243; width=&#8221;70%&#8221; module_alignment=&#8221;center&#8221;][\/et_pb_image][\/et_pb_column][et_pb_column type=&#8221;1_4&#8243; _builder_version=&#8221;4.5.7&#8243; _module_preset=&#8221;default&#8221;][\/et_pb_column][et_pb_column type=&#8221;1_4&#8243; _builder_version=&#8221;4.5.7&#8243; _module_preset=&#8221;default&#8221;][\/et_pb_column][\/et_pb_row][\/et_pb_section]<\/p>\n","protected":false},"excerpt":{"rendered":"<p>Operamos com as maiores e mais conceituadas seguradoras do pa\u00eds.<\/p>\n","protected":false},"author":1,"featured_media":0,"parent":0,"menu_order":0,"comment_status":"closed","ping_status":"closed","template":"","meta":{"_et_pb_use_builder":"on","_et_pb_old_content":"","_et_gb_content_width":"","footnotes":""},"yoast_head":"<!-- This site is optimized with the Yoast SEO plugin v22.9 - https:\/\/yoast.com\/wordpress\/plugins\/seo\/ -->\n<title>Seguradoras - Vivaseguro<\/title>\n<meta name=\"robots\" content=\"index, follow, max-snippet:-1, max-image-preview:large, max-video-preview:-1\" \/>\n<link rel=\"canonical\" href=\"https:\/\/www.vivaseguro.com.br\/site\/seguradoras\/\" \/>\n<meta property=\"og:locale\" content=\"pt_BR\" \/>\n<meta property=\"og:type\" content=\"article\" \/>\n<meta property=\"og:title\" content=\"Seguradoras - Vivaseguro\" \/>\n<meta property=\"og:description\" content=\"Operamos com as maiores e mais conceituadas seguradoras do pa\u00eds.\" \/>\n<meta property=\"og:url\" content=\"https:\/\/www.vivaseguro.com.br\/site\/seguradoras\/\" \/>\n<meta property=\"og:site_name\" content=\"Vivaseguro\" \/>\n<meta property=\"article:modified_time\" content=\"2020-08-25T14:53:02+00:00\" \/>\n<meta name=\"twitter:card\" content=\"summary_large_image\" \/>\n<meta name=\"twitter:label1\" content=\"Est. tempo de leitura\" \/>\n\t<meta name=\"twitter:data1\" content=\"5 minutos\" \/>\n<script type=\"application\/ld+json\" class=\"yoast-schema-graph\">{\"@context\":\"https:\/\/schema.org\",\"@graph\":[{\"@type\":\"WebPage\",\"@id\":\"https:\/\/www.vivaseguro.com.br\/site\/seguradoras\/\",\"url\":\"https:\/\/www.vivaseguro.com.br\/site\/seguradoras\/\",\"name\":\"Seguradoras - Vivaseguro\",\"isPartOf\":{\"@id\":\"https:\/\/www.vivaseguro.com.br\/site\/#website\"},\"datePublished\":\"2020-08-24T11:33:29+00:00\",\"dateModified\":\"2020-08-25T14:53:02+00:00\",\"breadcrumb\":{\"@id\":\"https:\/\/www.vivaseguro.com.br\/site\/seguradoras\/#breadcrumb\"},\"inLanguage\":\"pt-BR\",\"potentialAction\":[{\"@type\":\"ReadAction\",\"target\":[\"https:\/\/www.vivaseguro.com.br\/site\/seguradoras\/\"]}]},{\"@type\":\"BreadcrumbList\",\"@id\":\"https:\/\/www.vivaseguro.com.br\/site\/seguradoras\/#breadcrumb\",\"itemListElement\":[{\"@type\":\"ListItem\",\"position\":1,\"name\":\"In\u00edcio\",\"item\":\"https:\/\/www.vivaseguro.com.br\/site\/\"},{\"@type\":\"ListItem\",\"position\":2,\"name\":\"Seguradoras\"}]},{\"@type\":\"WebSite\",\"@id\":\"https:\/\/www.vivaseguro.com.br\/site\/#website\",\"url\":\"https:\/\/www.vivaseguro.com.br\/site\/\",\"name\":\"Vivaseguro\",\"description\":\"Pretendemos facilitar a comunica\u00e7\u00e3o tornando mais r\u00e1pida e eficientes a nossa troca de informa\u00e7\u00f5es. Sinta-se a vontade, navegue por nosso site, descubra o que mais a Vivaseguro Corretora de Seguros gostaria de oferecer para Voc\u00ea e para sua Empresa. Ou se preferir nos d\u00ea a honra da sua visita em nosso escrit\u00f3rio.\",\"potentialAction\":[{\"@type\":\"SearchAction\",\"target\":{\"@type\":\"EntryPoint\",\"urlTemplate\":\"https:\/\/www.vivaseguro.com.br\/site\/?s={search_term_string}\"},\"query-input\":\"required name=search_term_string\"}],\"inLanguage\":\"pt-BR\"}]}<\/script>\n<!-- \/ Yoast SEO plugin. -->","yoast_head_json":{"title":"Seguradoras - Vivaseguro","robots":{"index":"index","follow":"follow","max-snippet":"max-snippet:-1","max-image-preview":"max-image-preview:large","max-video-preview":"max-video-preview:-1"},"canonical":"https:\/\/www.vivaseguro.com.br\/site\/seguradoras\/","og_locale":"pt_BR","og_type":"article","og_title":"Seguradoras - Vivaseguro","og_description":"Operamos com as maiores e mais conceituadas seguradoras do pa\u00eds.","og_url":"https:\/\/www.vivaseguro.com.br\/site\/seguradoras\/","og_site_name":"Vivaseguro","article_modified_time":"2020-08-25T14:53:02+00:00","twitter_card":"summary_large_image","twitter_misc":{"Est. tempo de leitura":"5 minutos"},"schema":{"@context":"https:\/\/schema.org","@graph":[{"@type":"WebPage","@id":"https:\/\/www.vivaseguro.com.br\/site\/seguradoras\/","url":"https:\/\/www.vivaseguro.com.br\/site\/seguradoras\/","name":"Seguradoras - Vivaseguro","isPartOf":{"@id":"https:\/\/www.vivaseguro.com.br\/site\/#website"},"datePublished":"2020-08-24T11:33:29+00:00","dateModified":"2020-08-25T14:53:02+00:00","breadcrumb":{"@id":"https:\/\/www.vivaseguro.com.br\/site\/seguradoras\/#breadcrumb"},"inLanguage":"pt-BR","potentialAction":[{"@type":"ReadAction","target":["https:\/\/www.vivaseguro.com.br\/site\/seguradoras\/"]}]},{"@type":"BreadcrumbList","@id":"https:\/\/www.vivaseguro.com.br\/site\/seguradoras\/#breadcrumb","itemListElement":[{"@type":"ListItem","position":1,"name":"In\u00edcio","item":"https:\/\/www.vivaseguro.com.br\/site\/"},{"@type":"ListItem","position":2,"name":"Seguradoras"}]},{"@type":"WebSite","@id":"https:\/\/www.vivaseguro.com.br\/site\/#website","url":"https:\/\/www.vivaseguro.com.br\/site\/","name":"Vivaseguro","description":"Pretendemos facilitar a comunica\u00e7\u00e3o tornando mais r\u00e1pida e eficientes a nossa troca de informa\u00e7\u00f5es. Sinta-se a vontade, navegue por nosso site, descubra o que mais a Vivaseguro Corretora de Seguros gostaria de oferecer para Voc\u00ea e para sua Empresa. Ou se preferir nos d\u00ea a honra da sua visita em nosso escrit\u00f3rio.","potentialAction":[{"@type":"SearchAction","target":{"@type":"EntryPoint","urlTemplate":"https:\/\/www.vivaseguro.com.br\/site\/?s={search_term_string}"},"query-input":"required name=search_term_string"}],"inLanguage":"pt-BR"}]}},"_links":{"self":[{"href":"https:\/\/www.vivaseguro.com.br\/site\/wp-json\/wp\/v2\/pages\/13"}],"collection":[{"href":"https:\/\/www.vivaseguro.com.br\/site\/wp-json\/wp\/v2\/pages"}],"about":[{"href":"https:\/\/www.vivaseguro.com.br\/site\/wp-json\/wp\/v2\/types\/page"}],"author":[{"embeddable":true,"href":"https:\/\/www.vivaseguro.com.br\/site\/wp-json\/wp\/v2\/users\/1"}],"replies":[{"embeddable":true,"href":"https:\/\/www.vivaseguro.com.br\/site\/wp-json\/wp\/v2\/comments?post=13"}],"version-history":[{"count":7,"href":"https:\/\/www.vivaseguro.com.br\/site\/wp-json\/wp\/v2\/pages\/13\/revisions"}],"predecessor-version":[{"id":289,"href":"https:\/\/www.vivaseguro.com.br\/site\/wp-json\/wp\/v2\/pages\/13\/revisions\/289"}],"wp:attachment":[{"href":"https:\/\/www.vivaseguro.com.br\/site\/wp-json\/wp\/v2\/media?parent=13"}],"curies":[{"name":"wp","href":"https:\/\/api.w.org\/{rel}","templated":true}]}}